{"id":1137,"date":"2018-08-18T14:18:04","date_gmt":"2018-08-18T14:18:04","guid":{"rendered":"http:\/\/www.yogamala.it\/?page_id=1137"},"modified":"2020-08-24T07:08:15","modified_gmt":"2020-08-24T07:08:15","slug":"siti-amici","status":"publish","type":"page","link":"https:\/\/www.yogamala.it\/?page_id=1137","title":{"rendered":"COUNSELING"},"content":{"rendered":"<p align=\"justify\"><span style=\"color: #222222;\"><span style=\"font-family: Arial, sans-serif;\"><span style=\"font-size: medium;\"><b>Definizione<\/b><\/span><\/span><\/span><\/p>\n<p align=\"justify\"><span style=\"color: #222222;\"><span style=\"font-family: Arial, sans-serif;\"><span style=\"font-size: medium;\">Il counseling \u00e8 una professione intellettuale ai sensi della Legge 14 Gennaio 2013, n\u00b04 (Disposizioni in materia di professioni non organizzate).\u00a0<\/span><\/span><\/span><span style=\"color: #222222;\"><span style=\"font-family: Arial, sans-serif;\"><span style=\"font-size: medium;\">E\u2019 un\u2019attivit\u00e0 professionale rivolta a singoli, coppie, famiglie, gruppi, istituzioni che stanno attraversando una fase critica della loro vita relativa all\u2019area del disagio personale, sociale, esistenziale, lavorativo, scolastico.<\/span><\/span><\/span><\/p>\n<p align=\"justify\"><span style=\"color: #222222;\"><span style=\"font-family: Arial, sans-serif;\"><span style=\"font-size: medium;\">Il counseling, offrendo uno spazio di ascolto e di riflessione nel quale esplorare le difficolt\u00e0 relative a questi processi evolutivi, fasi di transizioni e stati di crisi, mira a migliorare la qualit\u00e0 della vita del cliente portando alla luce le sue risorse, i suoi punti di forza e valorizzando le sue capacit\u00e0 di scelta, cambiamento e autodeterminazione.\u00a0<\/span><\/span><\/span><span style=\"color: #222222;\"><span style=\"font-family: Arial, sans-serif;\"><span style=\"font-size: medium;\">E\u2019 un intervento che pu\u00f2 utilizzare varie metodologie mutuate da diversi orientamenti teorici.<\/span><\/span><\/span><\/p>\n<p align=\"justify\"><span style=\"color: #222222;\"><span style=\"font-family: Arial, sans-serif;\"><span style=\"font-size: medium;\"><b>Quando \u00e8 utile un intervento di counseling<\/b><\/span><\/span><\/span><\/p>\n<p align=\"justify\"><span style=\"color: #222222;\"><span style=\"font-family: Arial, sans-serif;\"><span style=\"font-size: medium;\">Il counseling non \u00e8 una forma di terapia medica o psicologica, ma \u00e8 un percorso di crescita, di responsabilizzazione, di maturazione durante il quale siamo seguiti da un professionista, il counselor, che ci accompagna alla scoperta di un possibile futuro diverso.<\/span><\/span><\/span><\/p>\n<p align=\"justify\"><span style=\"color: #222222;\"><span style=\"font-family: Arial, sans-serif;\"><span style=\"font-size: medium;\">Il counselor non d\u00e0 consigli, non offre soluzioni e non indica scorciatoie.<\/span><\/span><\/span><\/p>\n<p align=\"justify\"><span style=\"color: #222222;\"><span style=\"font-family: Arial, sans-serif;\"><span style=\"font-size: medium;\">Il counselor ci accompagna verso mete e obiettivi che noi stessi abbiamo stabilito e aiuta a far s\u00ec che ognuno di noi possa dare il meglio di s\u00e9 stesso: nella vita privata, scuola, lavoro, rapporti di coppia e familiari.<\/span><\/span><\/span><\/p>\n<p align=\"justify\"><span style=\"color: #222222;\"><span style=\"font-family: Arial, sans-serif;\"><span style=\"font-size: medium;\">Ognuno di noi possiede delle potenzialit\u00e0 e delle risorse, il counselor ci aiuta a riconoscerle ed esprimerle.<\/span><\/span><\/span><\/p>\n<p align=\"justify\"><span style=\"color: #222222;\"><span style=\"font-family: Arial, sans-serif;\"><span style=\"font-size: medium;\">Capita a tutti nella vita di attraversare momenti difficili, delle \u201cfasi di transizione\u201d in cui accadono delle cose (nascita di un figlio, cambio lavoro, licenziamento, lutto, divorzio\u2026) che pur essendo del tutto normali, comportano dei cambiamenti verso i quali non sappiamo bene come comportarci.<\/span><\/span><\/span><\/p>\n<p align=\"justify\"><span style=\"color: #222222;\"><span style=\"font-family: Arial, sans-serif;\"><span style=\"font-size: medium;\">Il counseling pu\u00f2 essere utile per esempio quando:<\/span><\/span><\/span><\/p>\n<ul>\n<li>\n<p align=\"justify\"><span style=\"color: #222222;\"><span style=\"font-family: Arial, sans-serif;\"><span style=\"font-size: medium;\">dobbiamo prendere una decisione riguardo a una scelta che riguarda la nostra vita personale o professionale<\/span><\/span><\/span><\/p>\n<\/li>\n<li>\n<p align=\"justify\"><span style=\"color: #222222;\"><span style=\"font-family: Arial, sans-serif;\"><span style=\"font-size: medium;\">dobbiamo raggiungere un obiettivo che ci siamo posti, ma incontriamo delle difficolt\u00e0<\/span><\/span><\/span><\/p>\n<\/li>\n<li>\n<p align=\"justify\"><span style=\"color: #222222;\"><span style=\"font-family: Arial, sans-serif;\"><span style=\"font-size: medium;\">ci troviamo di fronte a una scelta lavorativa (cambio lavoro, ricerca di un lavoro, reinserimento lavorativo, licenziamento,&#8230;)<\/span><\/span><\/span><\/p>\n<\/li>\n<li>\n<p align=\"justify\"><span style=\"color: #222222;\"><span style=\"font-family: Arial, sans-serif;\"><span style=\"font-size: medium;\">vogliamo riorganizzare le nostre relazioni familiari magari a seguito di una separazione o di un divorzio<\/span><\/span><\/span><\/p>\n<\/li>\n<li>\n<p align=\"justify\"><span style=\"color: #222222;\"><span style=\"font-family: Arial, sans-serif;\"><span style=\"font-size: medium;\">i figli diventano grandi e lasciano la loro famiglia di origine<\/span><\/span><\/span><\/p>\n<\/li>\n<li>\n<p align=\"justify\"><span style=\"color: #222222;\"><span style=\"font-family: Arial, sans-serif;\"><span style=\"font-size: medium;\">quei figli siamo noi e non sappiamo pi\u00f9 come rapportarci alla nostra famiglia di origine<\/span><\/span><\/span><\/p>\n<\/li>\n<li>\n<p align=\"justify\"><span style=\"color: #222222;\"><span style=\"font-family: Arial, sans-serif;\"><span style=\"font-size: medium;\">si costruisce o ricostruisce un nuovo nucleo familiare <\/span><\/span><\/span><\/p>\n<\/li>\n<li>\n<p align=\"justify\"><span style=\"color: #222222;\"><span style=\"font-family: Arial, sans-serif;\"><span style=\"font-size: medium;\">incontriamo dei problemi nella vita di coppia<\/span><\/span><\/span><\/p>\n<\/li>\n<li>\n<p align=\"justify\"><span style=\"color: #222222;\"><span style=\"font-family: Arial, sans-serif;\"><span style=\"font-size: medium;\">incontriamo delle difficolt\u00e0 nella carriera scolastica (per es. siamo bloccati nella scelta dell\u2019universit\u00e0 o nel sostenere un esame)<\/span><\/span><\/span><\/p>\n<\/li>\n<li>\n<p align=\"justify\"><span style=\"color: #222222;\"><span style=\"font-family: Arial, sans-serif;\"><span style=\"font-size: medium;\">ci troviamo in situazioni dove da soli sentiamo di non farcela<\/span><\/span><\/span><\/p>\n<\/li>\n<li>\n<p align=\"justify\"><span style=\"color: #222222;\"><span style=\"font-family: Arial, sans-serif;\"><span style=\"font-size: medium;\">sentiamo che non riusciamo ad esprimerci o a trovare un senso nella nostra vita<\/span><\/span><\/span><\/p>\n<\/li>\n<\/ul>\n<p align=\"justify\"><span style=\"color: #222222;\"><span style=\"font-family: Arial, sans-serif;\"><span style=\"font-size: medium;\">Nel nostro Centro Olistico il Counseling che offriamo \u00e8 di indirizzo sistemico-transpersonale e pu\u00f2 essere affiancato anche da percorsi di Costellazioni familiari.<\/span><\/span><\/span><\/p>\n","protected":false},"excerpt":{"rendered":"<p>Definizione Il counseling \u00e8 una professione intellettuale ai sensi della Legge 14 Gennaio 2013, n\u00b04 (Disposizioni in materia di professioni non organizzate).\u00a0E\u2019 un\u2019attivit\u00e0 professionale rivolta a singoli, coppie, famiglie, gruppi, <a class=\"more-link\" href=\"https:\/\/www.yogamala.it\/?page_id=1137\">Continue Reading &rarr;<\/a><\/p>\n","protected":false},"author":1,"featured_media":0,"parent":0,"menu_order":0,"comment_status":"closed","ping_status":"closed","template":"","meta":{"footnotes":""},"class_list":["post-1137","page","type-page","status-publish","hentry"],"_links":{"self":[{"href":"https:\/\/www.yogamala.it\/index.php?rest_route=\/wp\/v2\/pages\/1137","targetHints":{"allow":["GET"]}}],"collection":[{"href":"https:\/\/www.yogamala.it\/index.php?rest_route=\/wp\/v2\/pages"}],"about":[{"href":"https:\/\/www.yogamala.it\/index.php?rest_route=\/wp\/v2\/types\/page"}],"author":[{"embeddable":true,"href":"https:\/\/www.yogamala.it\/index.php?rest_route=\/wp\/v2\/users\/1"}],"replies":[{"embeddable":true,"href":"https:\/\/www.yogamala.it\/index.php?rest_route=%2Fwp%2Fv2%2Fcomments&post=1137"}],"version-history":[{"count":11,"href":"https:\/\/www.yogamala.it\/index.php?rest_route=\/wp\/v2\/pages\/1137\/revisions"}],"predecessor-version":[{"id":1569,"href":"https:\/\/www.yogamala.it\/index.php?rest_route=\/wp\/v2\/pages\/1137\/revisions\/1569"}],"wp:attachment":[{"href":"https:\/\/www.yogamala.it\/index.php?rest_route=%2Fwp%2Fv2%2Fmedia&parent=1137"}],"curies":[{"name":"wp","href":"https:\/\/api.w.org\/{rel}","templated":true}]}}