{"id":1517,"date":"2019-08-17T17:06:56","date_gmt":"2019-08-17T17:06:56","guid":{"rendered":"http:\/\/www.yogamala.it\/?page_id=1517"},"modified":"2026-04-17T19:16:05","modified_gmt":"2026-04-17T19:16:05","slug":"centri-estivi-2020","status":"publish","type":"page","link":"https:\/\/www.yogamala.it\/?page_id=1517","title":{"rendered":""},"content":{"rendered":"<p><strong><span style=\"color: #ff0000; font-size: 10pt;\"><span style=\"font-size: 14pt;\"><a href=\"http:\/\/www.yogamala.it\/wp-content\/uploads\/2026\/03\/CENTRO-ESTIVO-1.png\"><img loading=\"lazy\" decoding=\"async\" class=\"alignnone size-full wp-image-1974\" src=\"http:\/\/www.yogamala.it\/wp-content\/uploads\/2026\/03\/CENTRO-ESTIVO-1.png\" alt=\"\" width=\"940\" height=\"788\" srcset=\"https:\/\/www.yogamala.it\/wp-content\/uploads\/2026\/03\/CENTRO-ESTIVO-1.png 940w, https:\/\/www.yogamala.it\/wp-content\/uploads\/2026\/03\/CENTRO-ESTIVO-1-300x251.png 300w, https:\/\/www.yogamala.it\/wp-content\/uploads\/2026\/03\/CENTRO-ESTIVO-1-768x644.png 768w\" sizes=\"auto, (max-width: 940px) 100vw, 940px\" \/><\/a><\/span><\/span><\/strong><\/p>\n<p><a href=\"http:\/\/www.yogamala.it\/wp-content\/uploads\/2026\/04\/AREA-FESTEGGIAMENTI-MADONNA-DEL-BEMBO_20260417_211314_0000.jpg\"><img loading=\"lazy\" decoding=\"async\" class=\"alignnone size-full wp-image-1979\" src=\"http:\/\/www.yogamala.it\/wp-content\/uploads\/2026\/04\/AREA-FESTEGGIAMENTI-MADONNA-DEL-BEMBO_20260417_211314_0000.jpg\" alt=\"\" width=\"960\" height=\"639\" srcset=\"https:\/\/www.yogamala.it\/wp-content\/uploads\/2026\/04\/AREA-FESTEGGIAMENTI-MADONNA-DEL-BEMBO_20260417_211314_0000.jpg 960w, https:\/\/www.yogamala.it\/wp-content\/uploads\/2026\/04\/AREA-FESTEGGIAMENTI-MADONNA-DEL-BEMBO_20260417_211314_0000-300x200.jpg 300w, https:\/\/www.yogamala.it\/wp-content\/uploads\/2026\/04\/AREA-FESTEGGIAMENTI-MADONNA-DEL-BEMBO_20260417_211314_0000-768x511.jpg 768w, https:\/\/www.yogamala.it\/wp-content\/uploads\/2026\/04\/AREA-FESTEGGIAMENTI-MADONNA-DEL-BEMBO_20260417_211314_0000-390x261.jpg 390w\" sizes=\"auto, (max-width: 960px) 100vw, 960px\" \/><\/a><\/p>\n<p><strong><span style=\"color: #ff0000; font-size: 10pt;\"><span style=\"font-size: 14pt;\">INFORMAZIONI CENTRO ESTIVO<\/span> &#8211; CLICCA sul LINK<\/span><\/strong><strong><span style=\"color: #008000;\"><span style=\"font-size: 18pt;\"><span style=\"font-size: 12pt; color: #000000;\"><span style=\"font-size: 18pt; color: #ff0000;\">\u2192\u00a0<span style=\"font-size: 12pt;\"><a href=\"https:\/\/drive.google.com\/drive\/folders\/1ExtuFZffOqwHff7MGc64sTLaP-3gQrSQ\">https:\/\/drive.google.com\/drive\/folders\/1ExtuFZffOqwHff7MGc64sTLaP-3gQrSQ<\/a><\/span><\/span><\/span><\/span><\/span><\/strong><\/p>\n<p><span style=\"color: #ff0000;\"><strong><span style=\"font-size: 14pt;\">Invio modulo Partecipazione Ghianda 2026<\/span> &#8211; <span style=\"font-size: 10pt;\">CLICCA sul LINK<\/span><\/strong><\/span><strong style=\"color: #ff0000; font-size: 18pt;\">\u2192<span style=\"font-size: 12pt; color: #0000ff;\"><a style=\"color: #0000ff;\" href=\"https:\/\/moduli.golee.it\/aaa-2\/iscrizione-adulti-e-bambini-asd-yoga-mala\">https:\/\/moduli.golee.it\/aaa-2\/iscrizione-adulti-e-bambini-asd-yoga-mala<\/a><\/span><\/strong><\/p>\n<p><span style=\"color: #ff0000;\"><strong><span style=\"font-size: 10pt;\">CLICCA PER VISIONARE <\/span><\/strong><strong><span style=\"font-size: 18pt;\"><span style=\"font-size: 12pt;\"><span style=\"font-size: 18pt;\">\u2192 <\/span><\/span><\/span><\/strong><span style=\"font-size: 18pt;\"><span style=\"font-size: 12pt;\"><span style=\"font-size: 18pt;\"><a style=\"color: #ff0000;\" href=\"https:\/\/www.facebook.com\/profile.php?id=100066799330859\"><span style=\"font-size: 12pt;\">PAGINA FACEBOOK CON FOTO ANNI SCORSI<\/span><\/a><\/span><\/span><\/span><\/span><\/p>\n<p><span style=\"color: #0000ff;\"><strong><span style=\"font-size: 10pt;\"><span style=\"font-size: 14pt;\">EVENTO PATROCINATO E SVOLTO GRAZIE AL CONTRIBUTO DEL COMUNE DI AZZANO DECIMO<\/span><\/span><\/strong><\/span><\/p>\n<p>&nbsp;<\/p>\n<p><span style=\"font-size: 24pt;\"><strong><span style=\"color: #008000;\"><span style=\"color: #008080;\">IL PROGETTO<\/span> <\/span><span style=\"color: #000000;\">\u00a0<\/span><\/strong><\/span><\/p>\n<p style=\"text-align: center;\"><a href=\"http:\/\/www.yogamala.it\/wp-content\/uploads\/2021\/05\/ghianda-e-albero.jpg\"><img loading=\"lazy\" decoding=\"async\" class=\"size-full wp-image-1626 alignleft\" src=\"http:\/\/www.yogamala.it\/wp-content\/uploads\/2021\/05\/ghianda-e-albero.jpg\" alt=\"\" width=\"266\" height=\"300\" \/><\/a>\u00a0 \u00a0 \u00a0 \u00a0 \u00a0 \u00a0 \u00a0 \u00a0<\/p>\n<p>&#8220;<em>Cos\u00ec come in ogni ghianda \u00e8 gi\u00e0 presente il potenziale della futura quercia in tutto il suo splendore, anche per il bambino \u00e8 lo stesso.<\/em>&#8220;<\/p>\n<p>Pensiamo che le nostre attivit\u00e0 possano essere il giusto mix di sole, acqua e terreno adatti per far crescere e maturare ogni ghianda divertendosi!!! Le attivit\u00e0 si differenziano in base alla fascia di et\u00e0 (infanzia e primaria), ma la caratteristica di fondo del nostro progetto nasce dal desiderio di offrire ai bambini un tempo e uno spazio dove:<\/p>\n<ol>\n<li>sentirsi accolti e visti nelle loro unicit\u00e0<\/li>\n<li>essere liberi di sperimentare il proprio corpo, idee, creativit\u00e0<\/li>\n<li>essere incoraggiati a seguire le proprie inclinazioni e talenti<\/li>\n<li>valorizzare le parti di s\u00e9 che faticano ad esprimersi<\/li>\n<li>alternare momenti dinamici (sport, attivit\u00e0 motoria, danza, arti marziali, teatro, giochi d&#8217;acqua) ad altri introspettivi (mindfulness-yoga, laboratori creativi e artistici, riposo)<\/li>\n<li>dialogare in modo costruttivo e cooperare per la realizzazione di progetti condivisi salvaguardando le prerogative e le inclinazioni specifiche dei singoli<\/li>\n<\/ol>\n<p><a href=\"http:\/\/www.yogamala.it\/wp-content\/uploads\/2021\/04\/Ghianda-2.jpg\"><img loading=\"lazy\" decoding=\"async\" class=\"alignnone size-full wp-image-1599\" src=\"http:\/\/www.yogamala.it\/wp-content\/uploads\/2021\/04\/Ghianda-2.jpg\" alt=\"\" width=\"2048\" height=\"1152\" srcset=\"https:\/\/www.yogamala.it\/wp-content\/uploads\/2021\/04\/Ghianda-2.jpg 2048w, https:\/\/www.yogamala.it\/wp-content\/uploads\/2021\/04\/Ghianda-2-300x169.jpg 300w, https:\/\/www.yogamala.it\/wp-content\/uploads\/2021\/04\/Ghianda-2-1024x576.jpg 1024w, https:\/\/www.yogamala.it\/wp-content\/uploads\/2021\/04\/Ghianda-2-768x432.jpg 768w, https:\/\/www.yogamala.it\/wp-content\/uploads\/2021\/04\/Ghianda-2-1536x864.jpg 1536w\" sizes=\"auto, (max-width: 2048px) 100vw, 2048px\" \/><\/a> <a href=\"http:\/\/www.yogamala.it\/wp-content\/uploads\/2021\/04\/ghianda-3.jpg\"><img loading=\"lazy\" decoding=\"async\" class=\"alignnone size-full wp-image-1600\" src=\"http:\/\/www.yogamala.it\/wp-content\/uploads\/2021\/04\/ghianda-3.jpg\" alt=\"\" width=\"2048\" height=\"1152\" srcset=\"https:\/\/www.yogamala.it\/wp-content\/uploads\/2021\/04\/ghianda-3.jpg 2048w, https:\/\/www.yogamala.it\/wp-content\/uploads\/2021\/04\/ghianda-3-300x169.jpg 300w, https:\/\/www.yogamala.it\/wp-content\/uploads\/2021\/04\/ghianda-3-1024x576.jpg 1024w, https:\/\/www.yogamala.it\/wp-content\/uploads\/2021\/04\/ghianda-3-768x432.jpg 768w, https:\/\/www.yogamala.it\/wp-content\/uploads\/2021\/04\/ghianda-3-1536x864.jpg 1536w\" sizes=\"auto, (max-width: 2048px) 100vw, 2048px\" \/><\/a> <a href=\"http:\/\/www.yogamala.it\/wp-content\/uploads\/2021\/04\/ghianda-5.jpg\"><img loading=\"lazy\" decoding=\"async\" class=\"alignnone size-full wp-image-1601\" src=\"http:\/\/www.yogamala.it\/wp-content\/uploads\/2021\/04\/ghianda-5.jpg\" alt=\"\" width=\"973\" height=\"1314\" srcset=\"https:\/\/www.yogamala.it\/wp-content\/uploads\/2021\/04\/ghianda-5.jpg 973w, https:\/\/www.yogamala.it\/wp-content\/uploads\/2021\/04\/ghianda-5-222x300.jpg 222w, https:\/\/www.yogamala.it\/wp-content\/uploads\/2021\/04\/ghianda-5-758x1024.jpg 758w, https:\/\/www.yogamala.it\/wp-content\/uploads\/2021\/04\/ghianda-5-768x1037.jpg 768w\" sizes=\"auto, (max-width: 973px) 100vw, 973px\" \/><\/a> <a href=\"http:\/\/www.yogamala.it\/wp-content\/uploads\/2021\/04\/ghianda-6.jpg\"><img loading=\"lazy\" decoding=\"async\" class=\"alignnone size-full wp-image-1602\" src=\"http:\/\/www.yogamala.it\/wp-content\/uploads\/2021\/04\/ghianda-6.jpg\" alt=\"\" width=\"2048\" height=\"1152\" srcset=\"https:\/\/www.yogamala.it\/wp-content\/uploads\/2021\/04\/ghianda-6.jpg 2048w, https:\/\/www.yogamala.it\/wp-content\/uploads\/2021\/04\/ghianda-6-300x169.jpg 300w, https:\/\/www.yogamala.it\/wp-content\/uploads\/2021\/04\/ghianda-6-1024x576.jpg 1024w, https:\/\/www.yogamala.it\/wp-content\/uploads\/2021\/04\/ghianda-6-768x432.jpg 768w, https:\/\/www.yogamala.it\/wp-content\/uploads\/2021\/04\/ghianda-6-1536x864.jpg 1536w\" sizes=\"auto, (max-width: 2048px) 100vw, 2048px\" \/><\/a> <a href=\"http:\/\/www.yogamala.it\/wp-content\/uploads\/2021\/04\/ghianda-7.jpg\"><img loading=\"lazy\" decoding=\"async\" class=\"alignnone size-full wp-image-1603\" src=\"http:\/\/www.yogamala.it\/wp-content\/uploads\/2021\/04\/ghianda-7.jpg\" alt=\"\" width=\"2048\" height=\"1024\" srcset=\"https:\/\/www.yogamala.it\/wp-content\/uploads\/2021\/04\/ghianda-7.jpg 2048w, https:\/\/www.yogamala.it\/wp-content\/uploads\/2021\/04\/ghianda-7-300x150.jpg 300w, https:\/\/www.yogamala.it\/wp-content\/uploads\/2021\/04\/ghianda-7-1024x512.jpg 1024w, https:\/\/www.yogamala.it\/wp-content\/uploads\/2021\/04\/ghianda-7-768x384.jpg 768w, https:\/\/www.yogamala.it\/wp-content\/uploads\/2021\/04\/ghianda-7-1536x768.jpg 1536w\" sizes=\"auto, (max-width: 2048px) 100vw, 2048px\" \/><\/a> <a href=\"http:\/\/www.yogamala.it\/wp-content\/uploads\/2021\/04\/Ghianda-8.jpg\"><img loading=\"lazy\" decoding=\"async\" class=\"alignnone size-full wp-image-1604\" src=\"http:\/\/www.yogamala.it\/wp-content\/uploads\/2021\/04\/Ghianda-8.jpg\" alt=\"\" width=\"2048\" height=\"1152\" srcset=\"https:\/\/www.yogamala.it\/wp-content\/uploads\/2021\/04\/Ghianda-8.jpg 2048w, https:\/\/www.yogamala.it\/wp-content\/uploads\/2021\/04\/Ghianda-8-300x169.jpg 300w, https:\/\/www.yogamala.it\/wp-content\/uploads\/2021\/04\/Ghianda-8-1024x576.jpg 1024w, https:\/\/www.yogamala.it\/wp-content\/uploads\/2021\/04\/Ghianda-8-768x432.jpg 768w, https:\/\/www.yogamala.it\/wp-content\/uploads\/2021\/04\/Ghianda-8-1536x864.jpg 1536w\" sizes=\"auto, (max-width: 2048px) 100vw, 2048px\" \/><\/a> <a href=\"http:\/\/www.yogamala.it\/wp-content\/uploads\/2021\/04\/ghianda-9.jpg\"><img loading=\"lazy\" decoding=\"async\" class=\"alignnone size-full wp-image-1605\" src=\"http:\/\/www.yogamala.it\/wp-content\/uploads\/2021\/04\/ghianda-9.jpg\" alt=\"\" width=\"2048\" height=\"1152\" srcset=\"https:\/\/www.yogamala.it\/wp-content\/uploads\/2021\/04\/ghianda-9.jpg 2048w, https:\/\/www.yogamala.it\/wp-content\/uploads\/2021\/04\/ghianda-9-300x169.jpg 300w, https:\/\/www.yogamala.it\/wp-content\/uploads\/2021\/04\/ghianda-9-1024x576.jpg 1024w, https:\/\/www.yogamala.it\/wp-content\/uploads\/2021\/04\/ghianda-9-768x432.jpg 768w, https:\/\/www.yogamala.it\/wp-content\/uploads\/2021\/04\/ghianda-9-1536x864.jpg 1536w\" sizes=\"auto, (max-width: 2048px) 100vw, 2048px\" \/><\/a> <a href=\"http:\/\/www.yogamala.it\/wp-content\/uploads\/2021\/04\/ghianda-11.jpg\"><img loading=\"lazy\" decoding=\"async\" class=\"alignnone size-full wp-image-1606\" src=\"http:\/\/www.yogamala.it\/wp-content\/uploads\/2021\/04\/ghianda-11.jpg\" alt=\"\" width=\"1500\" height=\"922\" srcset=\"https:\/\/www.yogamala.it\/wp-content\/uploads\/2021\/04\/ghianda-11.jpg 1500w, https:\/\/www.yogamala.it\/wp-content\/uploads\/2021\/04\/ghianda-11-300x184.jpg 300w, https:\/\/www.yogamala.it\/wp-content\/uploads\/2021\/04\/ghianda-11-1024x629.jpg 1024w, https:\/\/www.yogamala.it\/wp-content\/uploads\/2021\/04\/ghianda-11-768x472.jpg 768w\" sizes=\"auto, (max-width: 1500px) 100vw, 1500px\" \/><\/a> <a href=\"http:\/\/www.yogamala.it\/wp-content\/uploads\/2021\/04\/ghianda-13.jpg\"><img loading=\"lazy\" decoding=\"async\" class=\"alignnone size-full wp-image-1607\" src=\"http:\/\/www.yogamala.it\/wp-content\/uploads\/2021\/04\/ghianda-13.jpg\" alt=\"\" width=\"792\" height=\"1217\" srcset=\"https:\/\/www.yogamala.it\/wp-content\/uploads\/2021\/04\/ghianda-13.jpg 792w, https:\/\/www.yogamala.it\/wp-content\/uploads\/2021\/04\/ghianda-13-195x300.jpg 195w, https:\/\/www.yogamala.it\/wp-content\/uploads\/2021\/04\/ghianda-13-666x1024.jpg 666w, https:\/\/www.yogamala.it\/wp-content\/uploads\/2021\/04\/ghianda-13-768x1180.jpg 768w\" sizes=\"auto, (max-width: 792px) 100vw, 792px\" \/><\/a> <a href=\"http:\/\/www.yogamala.it\/wp-content\/uploads\/2021\/04\/ghianda-18.jpg\"><img loading=\"lazy\" decoding=\"async\" class=\"alignnone size-full wp-image-1608\" src=\"http:\/\/www.yogamala.it\/wp-content\/uploads\/2021\/04\/ghianda-18.jpg\" alt=\"\" width=\"983\" height=\"1152\" srcset=\"https:\/\/www.yogamala.it\/wp-content\/uploads\/2021\/04\/ghianda-18.jpg 983w, https:\/\/www.yogamala.it\/wp-content\/uploads\/2021\/04\/ghianda-18-256x300.jpg 256w, https:\/\/www.yogamala.it\/wp-content\/uploads\/2021\/04\/ghianda-18-874x1024.jpg 874w, https:\/\/www.yogamala.it\/wp-content\/uploads\/2021\/04\/ghianda-18-768x900.jpg 768w\" sizes=\"auto, (max-width: 983px) 100vw, 983px\" \/><\/a><\/p>\n\n\n<figure class=\"wp-block-image size-large\"><img loading=\"lazy\" decoding=\"async\" width=\"1024\" height=\"576\" src=\"http:\/\/www.yogamala.it\/wp-content\/uploads\/2021\/04\/ghianda-12-1024x576.jpg\" alt=\"\" class=\"wp-image-1609\" srcset=\"https:\/\/www.yogamala.it\/wp-content\/uploads\/2021\/04\/ghianda-12-1024x576.jpg 1024w, https:\/\/www.yogamala.it\/wp-content\/uploads\/2021\/04\/ghianda-12-300x169.jpg 300w, https:\/\/www.yogamala.it\/wp-content\/uploads\/2021\/04\/ghianda-12-768x432.jpg 768w, https:\/\/www.yogamala.it\/wp-content\/uploads\/2021\/04\/ghianda-12-1536x864.jpg 1536w, https:\/\/www.yogamala.it\/wp-content\/uploads\/2021\/04\/ghianda-12.jpg 2048w\" sizes=\"auto, (max-width: 1024px) 100vw, 1024px\" \/><\/figure>\n","protected":false},"excerpt":{"rendered":"<p>INFORMAZIONI CENTRO ESTIVO &#8211; CLICCA sul LINK\u2192\u00a0https:\/\/drive.google.com\/drive\/folders\/1ExtuFZffOqwHff7MGc64sTLaP-3gQrSQ Invio modulo Partecipazione Ghianda 2026 &#8211; CLICCA sul LINK\u2192https:\/\/moduli.golee.it\/aaa-2\/iscrizione-adulti-e-bambini-asd-yoga-mala CLICCA PER VISIONARE \u2192 PAGINA FACEBOOK CON FOTO ANNI SCORSI EVENTO PATROCINATO E SVOLTO <a class=\"more-link\" href=\"https:\/\/www.yogamala.it\/?page_id=1517\">Continue Reading &rarr;<\/a><\/p>\n","protected":false},"author":1,"featured_media":0,"parent":0,"menu_order":0,"comment_status":"closed","ping_status":"closed","template":"","meta":{"footnotes":""},"class_list":["post-1517","page","type-page","status-publish","hentry"],"_links":{"self":[{"href":"https:\/\/www.yogamala.it\/index.php?rest_route=\/wp\/v2\/pages\/1517","targetHints":{"allow":["GET"]}}],"collection":[{"href":"https:\/\/www.yogamala.it\/index.php?rest_route=\/wp\/v2\/pages"}],"about":[{"href":"https:\/\/www.yogamala.it\/index.php?rest_route=\/wp\/v2\/types\/page"}],"author":[{"embeddable":true,"href":"https:\/\/www.yogamala.it\/index.php?rest_route=\/wp\/v2\/users\/1"}],"replies":[{"embeddable":true,"href":"https:\/\/www.yogamala.it\/index.php?rest_route=%2Fwp%2Fv2%2Fcomments&post=1517"}],"version-history":[{"count":86,"href":"https:\/\/www.yogamala.it\/index.php?rest_route=\/wp\/v2\/pages\/1517\/revisions"}],"predecessor-version":[{"id":1980,"href":"https:\/\/www.yogamala.it\/index.php?rest_route=\/wp\/v2\/pages\/1517\/revisions\/1980"}],"wp:attachment":[{"href":"https:\/\/www.yogamala.it\/index.php?rest_route=%2Fwp%2Fv2%2Fmedia&parent=1517"}],"curies":[{"name":"wp","href":"https:\/\/api.w.org\/{rel}","templated":true}]}}