{"id":454,"date":"2015-02-14T13:04:25","date_gmt":"2015-02-14T13:04:25","guid":{"rendered":"http:\/\/www.yogamala.it\/?page_id=454"},"modified":"2025-08-13T15:36:20","modified_gmt":"2025-08-13T15:36:20","slug":"corsi-di-massaggio","status":"publish","type":"page","link":"https:\/\/www.yogamala.it\/?page_id=454","title":{"rendered":"INFORMAZIONI CORSI"},"content":{"rendered":"<p><span style=\"color: #ff0000;\"><strong><span style=\"font-size: revert;\">cell. 3485993312 &#8211; yogamala.dm@gmail.com<\/span><\/strong><\/span><\/p>\n<p><strong><span style=\"color: #ff9900;\">RIAPERTURA CORSI da 15 SETTEMBRE 2025<\/span><\/strong><\/p>\n<p><span style=\"font-size: revert; color: initial;\">Il nostro team \u00e8 sempre a disposizione per aiutarti a capire quale sia la lezione pi\u00f9 adatta alle tue <\/span><span style=\"font-size: revert; color: initial;\">esigenze! Non esitare a contattarci per chiarimenti o per raccontarci che cosa stai cercando. E&#8217; sempre possibile fare una <\/span><strong style=\"font-size: revert; color: initial;\">LEZIONE di PROVA in qualsiasi momento dell&#8217;anno. <\/strong>Abbiamo un ampio ventaglio di possibilit\u00e0 che siamo sicuri possono venire incontro sia a chi cerca pratiche pi\u00f9 rilassanti e introspettive oppure pi\u00f9 dinamiche e intense.<span style=\"font-size: revert; color: initial;\">\u00a0<\/span><\/p>\n<p><span style=\"font-size: revert; color: initial;\">Ti invitiamo a <\/span>scriverci un<strong style=\"font-size: revert; color: initial;\"> whatsapp<\/strong><span style=\"font-size: revert; color: initial;\"> o di mandare una <strong>email<\/strong> per fissare la prova insieme!!!\u00a0<\/span>Successivamente, la sottoscrizione di un abbonamento prevede l&#8217;iscrizione all&#8217;associazione sportiva dilettantistica Yoga Mala (<strong>TESSERA ASSOCIATIVA <\/strong>15 euro \u2013 validit\u00e0 365 gg dalla sottoscrizione) e di presentare <strong>CERTIF. MEDICO per attivit\u00e0 sportiva NON AGONISTICA<\/strong> (abbiamo due convenzioni facoltative per una visita scontata con alcuni poliambulatori medici della zona.) Queste due cose non sono obbligatorie per fare la lezione-prova, ma lo diventano se si prosegue coi corsi. La lezione di prova \u00e8 gratuita se poi non si prosegue; viceversa viene considerata prima lezione dell\u2019abbonamento in caso si continui.<\/p>\n<p>Come nuovo partecipante, c&#8217;\u00e8 la possibilit\u00e0 di fare il primo abbonamento della durata di un mese per poi proseguire con gli abbonamenti tradizionali. E\u2019 previsto uno <strong>sconto del 10%<\/strong> per: 1) le persone conviventi (familiari o partner) \u2013 2) gli studenti fino a 25 anni. Richiedi il listino con tutti gli abbonamenti al nostro numero whatsapp o alla email.<\/p>\n","protected":false},"excerpt":{"rendered":"<p>cell. 3485993312 &#8211; yogamala.dm@gmail.com RIAPERTURA CORSI da 15 SETTEMBRE 2025 Il nostro team \u00e8 sempre a disposizione per aiutarti a capire quale sia la lezione pi\u00f9 adatta alle tue esigenze! <a class=\"more-link\" href=\"https:\/\/www.yogamala.it\/?page_id=454\">Continue Reading &rarr;<\/a><\/p>\n","protected":false},"author":1,"featured_media":0,"parent":0,"menu_order":1,"comment_status":"closed","ping_status":"closed","template":"","meta":{"footnotes":""},"class_list":["post-454","page","type-page","status-publish","hentry"],"_links":{"self":[{"href":"https:\/\/www.yogamala.it\/index.php?rest_route=\/wp\/v2\/pages\/454","targetHints":{"allow":["GET"]}}],"collection":[{"href":"https:\/\/www.yogamala.it\/index.php?rest_route=\/wp\/v2\/pages"}],"about":[{"href":"https:\/\/www.yogamala.it\/index.php?rest_route=\/wp\/v2\/types\/page"}],"author":[{"embeddable":true,"href":"https:\/\/www.yogamala.it\/index.php?rest_route=\/wp\/v2\/users\/1"}],"replies":[{"embeddable":true,"href":"https:\/\/www.yogamala.it\/index.php?rest_route=%2Fwp%2Fv2%2Fcomments&post=454"}],"version-history":[{"count":127,"href":"https:\/\/www.yogamala.it\/index.php?rest_route=\/wp\/v2\/pages\/454\/revisions"}],"predecessor-version":[{"id":1960,"href":"https:\/\/www.yogamala.it\/index.php?rest_route=\/wp\/v2\/pages\/454\/revisions\/1960"}],"wp:attachment":[{"href":"https:\/\/www.yogamala.it\/index.php?rest_route=%2Fwp%2Fv2%2Fmedia&parent=454"}],"curies":[{"name":"wp","href":"https:\/\/api.w.org\/{rel}","templated":true}]}}